{"id":197,"date":"2022-10-30T22:16:15","date_gmt":"2022-10-30T21:16:15","guid":{"rendered":"https:\/\/papillon.provisoire.ch\/boutique\/"},"modified":"2023-01-06T16:49:10","modified_gmt":"2023-01-06T15:49:10","slug":"boutique","status":"publish","type":"page","link":"https:\/\/www.cave-papillon.ch\/fr\/boutique\/","title":{"rendered":"Boutique"},"content":{"rendered":"<p>[et_pb_section fb_built=&#8220;1&#8243; _builder_version=&#8220;4.18.1&#8243; _module_preset=&#8220;default&#8220; background_color=&#8220;#939393&#8243; background_image=&#8220;http:\/\/papillon.provisoire.ch\/wp-content\/uploads\/2022\/10\/176991.jpg&#8220; background_blend=&#8220;multiply&#8220; global_colors_info=&#8220;{}&#8220;][et_pb_row _builder_version=&#8220;4.18.1&#8243; _module_preset=&#8220;default&#8220; global_colors_info=&#8220;{}&#8220;][et_pb_column type=&#8220;4_4&#8243; _builder_version=&#8220;4.18.1&#8243; _module_preset=&#8220;default&#8220; global_colors_info=&#8220;{}&#8220;][et_pb_text _builder_version=&#8220;4.18.1&#8243; _module_preset=&#8220;default&#8220; text_font_size=&#8220;120px&#8220; header_font=&#8220;||||||||&#8220; header_text_color=&#8220;#FFFFFF&#8220; header_font_size=&#8220;100px&#8220; header_font_size_tablet=&#8220;80px&#8220; header_font_size_phone=&#8220;40px&#8220; header_font_size_last_edited=&#8220;on|phone&#8220; global_colors_info=&#8220;{}&#8220;]<\/p>\n<h1>Der Shop<\/h1>\n<p>[\/et_pb_text][\/et_pb_column][\/et_pb_row][\/et_pb_section][et_pb_section fb_built=&#8220;1&#8243; admin_label=&#8220;Our Story Section&#8220; _builder_version=&#8220;4.18.1&#8243; custom_padding=&#8220;||||true|false&#8220; global_colors_info=&#8220;{}&#8220;][et_pb_row column_structure=&#8220;1_4,1_4,1_4,1_4&#8243; custom_padding_last_edited=&#8220;on|phone&#8220; admin_label=&#8220;Title Area&#8220; _builder_version=&#8220;4.18.1&#8243; custom_padding=&#8220;28px|0px|27px|0px&#8220; custom_padding_tablet=&#8220;28px|0px|27px|0px&#8220; custom_padding_phone=&#8220;|40px||40px|false|true&#8220; global_colors_info=&#8220;{}&#8220;][et_pb_column type=&#8220;1_4&#8243; _builder_version=&#8220;4.16&#8243; custom_padding=&#8220;|||&#8220; global_colors_info=&#8220;{}&#8220; custom_padding__hover=&#8220;|||&#8220;][et_pb_blurb title=&#8220;In der 75-cl-Bordelaise&#8220; url=&#8220;#75b&#8220; use_icon=&#8220;on&#8220; font_icon=&#8220;&#xf72f;||fa||900&#8243; icon_color=&#8220;#438ABE&#8220; image_icon_width_tablet=&#8220;&#8220; image_icon_width_phone=&#8220;&#8220; image_icon_width_last_edited=&#8220;on|phone&#8220; _builder_version=&#8220;4.18.1&#8243; _module_preset=&#8220;default&#8220; header_text_align=&#8220;center&#8220; header_font_size_tablet=&#8220;16px&#8220; header_font_size_phone=&#8220;14px&#8220; header_font_size_last_edited=&#8220;on|phone&#8220; border_width_bottom=&#8220;8px&#8220; border_color_bottom=&#8220;#438ABE&#8220; border_width_bottom_tablet=&#8220;4px&#8220; border_width_bottom_phone=&#8220;4px&#8220; border_width_bottom_last_edited=&#8220;on|desktop&#8220; box_shadow_style=&#8220;preset3&#8243; global_colors_info=&#8220;{}&#8220;][\/et_pb_blurb][\/et_pb_column][et_pb_column type=&#8220;1_4&#8243; _builder_version=&#8220;4.16&#8243; custom_padding=&#8220;|||&#8220; global_colors_info=&#8220;{}&#8220; custom_padding__hover=&#8220;|||&#8220;][et_pb_blurb title=&#8220;In der 50-cl-Bordelaise&#8220; url=&#8220;#50b&#8220; use_icon=&#8220;on&#8220; font_icon=&#8220;&#xf72f;||fa||900&#8243; icon_color=&#8220;#438ABE&#8220; image_icon_width_tablet=&#8220;&#8220; image_icon_width_phone=&#8220;&#8220; image_icon_width_last_edited=&#8220;on|desktop&#8220; _builder_version=&#8220;4.18.1&#8243; _module_preset=&#8220;default&#8220; header_text_align=&#8220;center&#8220; border_width_bottom=&#8220;8px&#8220; border_color_bottom=&#8220;#438ABE&#8220; border_width_bottom_tablet=&#8220;4px&#8220; border_width_bottom_phone=&#8220;4px&#8220; border_width_bottom_last_edited=&#8220;on|desktop&#8220; box_shadow_style=&#8220;preset3&#8243; global_colors_info=&#8220;{}&#8220;][\/et_pb_blurb][\/et_pb_column][et_pb_column type=&#8220;1_4&#8243; _builder_version=&#8220;4.16&#8243; custom_padding=&#8220;|||&#8220; global_colors_info=&#8220;{}&#8220; custom_padding__hover=&#8220;|||&#8220;][et_pb_blurb title=&#8220;In der 50-cl-D\u00e9sir\u00e9e&#8220; url=&#8220;#50d&#8220; use_icon=&#8220;on&#8220; font_icon=&#8220;&#xf72f;||fa||900&#8243; icon_color=&#8220;#438ABE&#8220; image_icon_width_tablet=&#8220;&#8220; image_icon_width_phone=&#8220;&#8220; image_icon_width_last_edited=&#8220;on|desktop&#8220; _builder_version=&#8220;4.18.1&#8243; _module_preset=&#8220;default&#8220; header_text_align=&#8220;center&#8220; border_width_bottom=&#8220;8px&#8220; border_color_bottom=&#8220;#438ABE&#8220; border_width_bottom_tablet=&#8220;4px&#8220; border_width_bottom_phone=&#8220;4px&#8220; border_width_bottom_last_edited=&#8220;on|desktop&#8220; box_shadow_style=&#8220;preset3&#8243; global_colors_info=&#8220;{}&#8220;][\/et_pb_blurb][\/et_pb_column][et_pb_column type=&#8220;1_4&#8243; _builder_version=&#8220;4.16&#8243; custom_padding=&#8220;|||&#8220; global_colors_info=&#8220;{}&#8220; custom_padding__hover=&#8220;|||&#8220;][et_pb_blurb title=&#8220;Spirituosen in der 50-cl&#8220; url=&#8220;#50s&#8220; use_icon=&#8220;on&#8220; font_icon=&#8220;&#xf72f;||fa||900&#8243; icon_color=&#8220;#438ABE&#8220; image_icon_width_tablet=&#8220;&#8220; image_icon_width_phone=&#8220;&#8220; image_icon_width_last_edited=&#8220;on|desktop&#8220; _builder_version=&#8220;4.18.1&#8243; _module_preset=&#8220;default&#8220; header_text_align=&#8220;center&#8220; border_width_bottom=&#8220;8px&#8220; border_color_bottom=&#8220;#438ABE&#8220; border_width_bottom_tablet=&#8220;4px&#8220; border_width_bottom_phone=&#8220;4px&#8220; border_width_bottom_last_edited=&#8220;on|desktop&#8220; box_shadow_style=&#8220;preset3&#8243; global_colors_info=&#8220;{}&#8220;][\/et_pb_blurb][\/et_pb_column][\/et_pb_row][\/et_pb_section][et_pb_section fb_built=&#8220;1&#8243; module_id=&#8220;75b&#8220; _builder_version=&#8220;4.18.1&#8243; _module_preset=&#8220;default&#8220; global_colors_info=&#8220;{}&#8220;][et_pb_row _builder_version=&#8220;4.18.1&#8243; _module_preset=&#8220;default&#8220; global_colors_info=&#8220;{}&#8220;][et_pb_column type=&#8220;4_4&#8243; _builder_version=&#8220;4.18.1&#8243; _module_preset=&#8220;default&#8220; global_colors_info=&#8220;{}&#8220;][et_pb_text _builder_version=&#8220;4.19.4&#8243; _module_preset=&#8220;default&#8220; header_2_font=&#8220;|700|||||||&#8220; header_2_text_color=&#8220;#438ABE&#8220; header_2_font_size=&#8220;35px&#8220; header_2_letter_spacing=&#8220;3px&#8220; hover_enabled=&#8220;0&#8243; header_2_font_size_tablet=&#8220;15px&#8220; header_2_font_size_phone=&#8220;14px&#8220; header_2_font_size_last_edited=&#8220;on|phone&#8220; header_2_letter_spacing_tablet=&#8220;2px&#8220; header_2_letter_spacing_phone=&#8220;2px&#8220; header_2_letter_spacing_last_edited=&#8220;on|tablet&#8220; border_width_bottom=&#8220;6px&#8220; border_color_bottom=&#8220;#438ABE&#8220; border_width_bottom_tablet=&#8220;3px&#8220; border_width_bottom_phone=&#8220;3px&#8220; border_width_bottom_last_edited=&#8220;on|phone&#8220; global_colors_info=&#8220;{}&#8220; sticky_enabled=&#8220;0&#8243;]<\/p>\n<h2>In der 75cl Bordelaise &#8211; pro Karton mit 12 Flaschen\u00a0<\/h2>\n<p>[\/et_pb_text][et_pb_shop type=&#8220;product_category&#8220; posts_number=&#8220;18&#8243; include_categories=&#8220;24&#8243; columns_number=&#8220;6&#8243; orderby=&#8220;menu_order&#8220; show_rating=&#8220;off&#8220; _builder_version=&#8220;4.18.1&#8243; _module_preset=&#8220;default&#8220; global_colors_info=&#8220;{}&#8220;][\/et_pb_shop][\/et_pb_column][\/et_pb_row][\/et_pb_section][et_pb_section fb_built=&#8220;1&#8243; module_id=&#8220;50b&#8220; _builder_version=&#8220;4.18.1&#8243; _module_preset=&#8220;default&#8220; global_colors_info=&#8220;{}&#8220;][et_pb_row _builder_version=&#8220;4.18.1&#8243; _module_preset=&#8220;default&#8220; global_colors_info=&#8220;{}&#8220;][et_pb_column type=&#8220;4_4&#8243; _builder_version=&#8220;4.18.1&#8243; _module_preset=&#8220;default&#8220; global_colors_info=&#8220;{}&#8220;][et_pb_text _builder_version=&#8220;4.18.1&#8243; _module_preset=&#8220;default&#8220; header_2_font=&#8220;|700|||||||&#8220; header_2_text_color=&#8220;#438ABE&#8220; header_2_font_size=&#8220;35px&#8220; header_2_letter_spacing=&#8220;3px&#8220; header_2_font_size_tablet=&#8220;15px&#8220; header_2_font_size_phone=&#8220;14px&#8220; header_2_font_size_last_edited=&#8220;on|phone&#8220; header_2_letter_spacing_tablet=&#8220;2px&#8220; header_2_letter_spacing_phone=&#8220;2px&#8220; header_2_letter_spacing_last_edited=&#8220;on|tablet&#8220; border_width_bottom=&#8220;6px&#8220; border_color_bottom=&#8220;#438ABE&#8220; border_width_bottom_tablet=&#8220;3px&#8220; border_width_bottom_phone=&#8220;3px&#8220; border_width_bottom_last_edited=&#8220;on|phone&#8220; global_colors_info=&#8220;{}&#8220;]<\/p>\n<h2>In der 50cl Bordelaise &#8211; pro Karton mit 15 Flaschen<\/h2>\n<p>[\/et_pb_text][et_pb_shop type=&#8220;product_category&#8220; posts_number=&#8220;18&#8243; include_categories=&#8220;26&#8243; columns_number=&#8220;6&#8243; orderby=&#8220;menu_order&#8220; show_rating=&#8220;off&#8220; _builder_version=&#8220;4.18.1&#8243; _module_preset=&#8220;default&#8220; global_colors_info=&#8220;{}&#8220;][\/et_pb_shop][\/et_pb_column][\/et_pb_row][\/et_pb_section][et_pb_section fb_built=&#8220;1&#8243; module_id=&#8220;50d&#8220; _builder_version=&#8220;4.18.1&#8243; _module_preset=&#8220;default&#8220; global_colors_info=&#8220;{}&#8220;][et_pb_row _builder_version=&#8220;4.18.1&#8243; _module_preset=&#8220;default&#8220; global_colors_info=&#8220;{}&#8220;][et_pb_column type=&#8220;4_4&#8243; _builder_version=&#8220;4.18.1&#8243; _module_preset=&#8220;default&#8220; global_colors_info=&#8220;{}&#8220;][et_pb_text _builder_version=&#8220;4.18.1&#8243; _module_preset=&#8220;default&#8220; header_2_font=&#8220;|700|||||||&#8220; header_2_text_color=&#8220;#438ABE&#8220; header_2_font_size=&#8220;35px&#8220; header_2_letter_spacing=&#8220;3px&#8220; header_2_font_size_tablet=&#8220;15px&#8220; header_2_font_size_phone=&#8220;14px&#8220; header_2_font_size_last_edited=&#8220;on|phone&#8220; header_2_letter_spacing_tablet=&#8220;2px&#8220; header_2_letter_spacing_phone=&#8220;2px&#8220; header_2_letter_spacing_last_edited=&#8220;on|tablet&#8220; border_width_bottom=&#8220;6px&#8220; border_color_bottom=&#8220;#438ABE&#8220; border_width_bottom_tablet=&#8220;3px&#8220; border_width_bottom_phone=&#8220;3px&#8220; border_width_bottom_last_edited=&#8220;on|phone&#8220; global_colors_info=&#8220;{}&#8220;]<\/p>\n<h2>In der 50cl D\u00e9sir\u00e9e (<b>mit 75-cl-Qualit\u00e4t) &#8211; pro Karton mit 15 Flaschen<\/b><\/h2>\n<p>[\/et_pb_text][et_pb_shop type=&#8220;product_category&#8220; posts_number=&#8220;18&#8243; include_categories=&#8220;27&#8243; columns_number=&#8220;6&#8243; orderby=&#8220;menu_order&#8220; show_rating=&#8220;off&#8220; _builder_version=&#8220;4.18.1&#8243; _module_preset=&#8220;default&#8220; global_colors_info=&#8220;{}&#8220;][\/et_pb_shop][\/et_pb_column][\/et_pb_row][\/et_pb_section][et_pb_section fb_built=&#8220;1&#8243; module_id=&#8220;50s&#8220; _builder_version=&#8220;4.18.1&#8243; _module_preset=&#8220;default&#8220; global_colors_info=&#8220;{}&#8220;][et_pb_row _builder_version=&#8220;4.18.1&#8243; _module_preset=&#8220;default&#8220; global_colors_info=&#8220;{}&#8220;][et_pb_column type=&#8220;4_4&#8243; _builder_version=&#8220;4.18.1&#8243; _module_preset=&#8220;default&#8220; global_colors_info=&#8220;{}&#8220;][et_pb_text _builder_version=&#8220;4.18.1&#8243; _module_preset=&#8220;default&#8220; header_2_font=&#8220;|700|||||||&#8220; header_2_text_color=&#8220;#438ABE&#8220; header_2_font_size=&#8220;35px&#8220; header_2_letter_spacing=&#8220;3px&#8220; header_2_font_size_tablet=&#8220;15px&#8220; header_2_font_size_phone=&#8220;14px&#8220; header_2_font_size_last_edited=&#8220;on|phone&#8220; header_2_letter_spacing_tablet=&#8220;2px&#8220; header_2_letter_spacing_phone=&#8220;2px&#8220; header_2_letter_spacing_last_edited=&#8220;on|tablet&#8220; border_width_bottom=&#8220;6px&#8220; border_color_bottom=&#8220;#438ABE&#8220; border_width_bottom_tablet=&#8220;3px&#8220; border_width_bottom_phone=&#8220;3px&#8220; border_width_bottom_last_edited=&#8220;on|phone&#8220; global_colors_info=&#8220;{}&#8220;]<\/p>\n<h2>Spirituosen in der 50cl<\/h2>\n<p>[\/et_pb_text][et_pb_shop type=&#8220;product_category&#8220; posts_number=&#8220;18&#8243; include_categories=&#8220;28&#8243; columns_number=&#8220;6&#8243; orderby=&#8220;menu_order&#8220; show_rating=&#8220;off&#8220; _builder_version=&#8220;4.18.1&#8243; _module_preset=&#8220;default&#8220; global_colors_info=&#8220;{}&#8220;][\/et_pb_shop][\/et_pb_column][\/et_pb_row][\/et_pb_section][et_pb_section fb_built=&#8220;1&#8243; admin_label=&#8220;Our Story Section&#8220; _builder_version=&#8220;4.18.1&#8243; custom_padding=&#8220;37px||8vw||false|false&#8220; global_colors_info=&#8220;{}&#8220;][\/et_pb_section]<\/p>\n","protected":false},"excerpt":{"rendered":"<p>Der ShopIn der 75cl Bordelaise &#8211; pro Karton mit 12 Flaschen\u00a0In der 50cl Bordelaise &#8211; pro Karton mit 15 FlaschenIn der 50cl D\u00e9sir\u00e9e (mit 75-cl-Qualit\u00e4t) &#8211; pro Karton mit 15 FlaschenSpirituosen in der 50cl<\/p>","protected":false},"author":1,"featured_media":0,"parent":0,"menu_order":0,"comment_status":"closed","ping_status":"closed","template":"","meta":{"_et_pb_use_builder":"on","_et_pb_old_content":"","_et_gb_content_width":"","footnotes":""},"class_list":["post-197","page","type-page","status-publish","hentry"],"yoast_head":"<!-- This site is optimized with the Yoast SEO plugin v27.5 - https:\/\/yoast.com\/product\/yoast-seo-wordpress\/ -->\n<title>Cave papillon - Boutique<\/title>\n<meta name=\"description\" content=\"La Cave Papillon \u00e0 Salquenen vous propose ses produits (vins blancs, des vins rouges, aussi bien en 50cl qu&#039;en 75cl) issus du travail de la famille Wnger.\" \/>\n<meta name=\"robots\" content=\"index, follow, max-snippet:-1, max-image-preview:large, max-video-preview:-1\" \/>\n<link rel=\"canonical\" href=\"https:\/\/www.cave-papillon.ch\/fr\/boutique\/\" \/>\n<meta property=\"og:locale\" content=\"fr_FR\" \/>\n<meta property=\"og:type\" content=\"article\" \/>\n<meta property=\"og:title\" content=\"Cave papillon - Boutique\" \/>\n<meta property=\"og:description\" content=\"La Cave Papillon \u00e0 Salquenen vous propose ses produits (vins blancs, des vins rouges, aussi bien en 50cl qu&#039;en 75cl) issus du travail de la famille Wnger.\" \/>\n<meta property=\"og:url\" content=\"https:\/\/www.cave-papillon.ch\/fr\/boutique\/\" \/>\n<meta property=\"og:site_name\" content=\"Cave papillon\" \/>\n<meta property=\"article:modified_time\" content=\"2023-01-06T15:49:10+00:00\" \/>\n<meta name=\"twitter:card\" content=\"summary_large_image\" \/>\n<meta name=\"twitter:label1\" content=\"Dur\u00e9e de lecture estim\u00e9e\" \/>\n\t<meta name=\"twitter:data1\" content=\"6 minutes\" \/>\n<script type=\"application\/ld+json\" class=\"yoast-schema-graph\">{\"@context\":\"https:\\\/\\\/schema.org\",\"@graph\":[{\"@type\":\"WebPage\",\"@id\":\"https:\\\/\\\/www.cave-papillon.ch\\\/boutique\\\/\",\"url\":\"https:\\\/\\\/www.cave-papillon.ch\\\/boutique\\\/\",\"name\":\"Cave papillon - Boutique\",\"isPartOf\":{\"@id\":\"https:\\\/\\\/www.cave-papillon.ch\\\/#website\"},\"datePublished\":\"2022-10-30T21:16:15+00:00\",\"dateModified\":\"2023-01-06T15:49:10+00:00\",\"description\":\"La Cave Papillon \u00e0 Salquenen vous propose ses produits (vins blancs, des vins rouges, aussi bien en 50cl qu'en 75cl) issus du travail de la famille Wnger.\",\"breadcrumb\":{\"@id\":\"https:\\\/\\\/www.cave-papillon.ch\\\/boutique\\\/#breadcrumb\"},\"inLanguage\":\"fr-FR\",\"potentialAction\":[{\"@type\":\"ReadAction\",\"target\":[\"https:\\\/\\\/www.cave-papillon.ch\\\/boutique\\\/\"]}]},{\"@type\":\"BreadcrumbList\",\"@id\":\"https:\\\/\\\/www.cave-papillon.ch\\\/boutique\\\/#breadcrumb\",\"itemListElement\":[{\"@type\":\"ListItem\",\"position\":1,\"name\":\"Accueil\",\"item\":\"https:\\\/\\\/www.cave-papillon.ch\\\/fr\\\/\"},{\"@type\":\"ListItem\",\"position\":2,\"name\":\"Boutique\"}]},{\"@type\":\"WebSite\",\"@id\":\"https:\\\/\\\/www.cave-papillon.ch\\\/#website\",\"url\":\"https:\\\/\\\/www.cave-papillon.ch\\\/\",\"name\":\"Cave papillon\",\"description\":\"Cave de la famille Wenger \u00e0 Salquenen\",\"potentialAction\":[{\"@type\":\"SearchAction\",\"target\":{\"@type\":\"EntryPoint\",\"urlTemplate\":\"https:\\\/\\\/www.cave-papillon.ch\\\/?s={search_term_string}\"},\"query-input\":{\"@type\":\"PropertyValueSpecification\",\"valueRequired\":true,\"valueName\":\"search_term_string\"}}],\"inLanguage\":\"fr-FR\"}]}<\/script>\n<!-- \/ Yoast SEO plugin. -->","yoast_head_json":{"title":"Cave papillon - Boutique","description":"La Cave Papillon \u00e0 Salquenen vous propose ses produits (vins blancs, des vins rouges, aussi bien en 50cl qu'en 75cl) issus du travail de la famille Wnger.","robots":{"index":"index","follow":"follow","max-snippet":"max-snippet:-1","max-image-preview":"max-image-preview:large","max-video-preview":"max-video-preview:-1"},"canonical":"https:\/\/www.cave-papillon.ch\/fr\/boutique\/","og_locale":"fr_FR","og_type":"article","og_title":"Cave papillon - Boutique","og_description":"La Cave Papillon \u00e0 Salquenen vous propose ses produits (vins blancs, des vins rouges, aussi bien en 50cl qu'en 75cl) issus du travail de la famille Wnger.","og_url":"https:\/\/www.cave-papillon.ch\/fr\/boutique\/","og_site_name":"Cave papillon","article_modified_time":"2023-01-06T15:49:10+00:00","twitter_card":"summary_large_image","twitter_misc":{"Dur\u00e9e de lecture estim\u00e9e":"6 minutes"},"schema":{"@context":"https:\/\/schema.org","@graph":[{"@type":"WebPage","@id":"https:\/\/www.cave-papillon.ch\/boutique\/","url":"https:\/\/www.cave-papillon.ch\/boutique\/","name":"Cave papillon - Boutique","isPartOf":{"@id":"https:\/\/www.cave-papillon.ch\/#website"},"datePublished":"2022-10-30T21:16:15+00:00","dateModified":"2023-01-06T15:49:10+00:00","description":"La Cave Papillon \u00e0 Salquenen vous propose ses produits (vins blancs, des vins rouges, aussi bien en 50cl qu'en 75cl) issus du travail de la famille Wnger.","breadcrumb":{"@id":"https:\/\/www.cave-papillon.ch\/boutique\/#breadcrumb"},"inLanguage":"fr-FR","potentialAction":[{"@type":"ReadAction","target":["https:\/\/www.cave-papillon.ch\/boutique\/"]}]},{"@type":"BreadcrumbList","@id":"https:\/\/www.cave-papillon.ch\/boutique\/#breadcrumb","itemListElement":[{"@type":"ListItem","position":1,"name":"Accueil","item":"https:\/\/www.cave-papillon.ch\/fr\/"},{"@type":"ListItem","position":2,"name":"Boutique"}]},{"@type":"WebSite","@id":"https:\/\/www.cave-papillon.ch\/#website","url":"https:\/\/www.cave-papillon.ch\/","name":"Cave papillon","description":"Cave de la famille Wenger \u00e0 Salquenen","potentialAction":[{"@type":"SearchAction","target":{"@type":"EntryPoint","urlTemplate":"https:\/\/www.cave-papillon.ch\/?s={search_term_string}"},"query-input":{"@type":"PropertyValueSpecification","valueRequired":true,"valueName":"search_term_string"}}],"inLanguage":"fr-FR"}]}},"_links":{"self":[{"href":"https:\/\/www.cave-papillon.ch\/fr\/wp-json\/wp\/v2\/pages\/197","targetHints":{"allow":["GET"]}}],"collection":[{"href":"https:\/\/www.cave-papillon.ch\/fr\/wp-json\/wp\/v2\/pages"}],"about":[{"href":"https:\/\/www.cave-papillon.ch\/fr\/wp-json\/wp\/v2\/types\/page"}],"author":[{"embeddable":true,"href":"https:\/\/www.cave-papillon.ch\/fr\/wp-json\/wp\/v2\/users\/1"}],"replies":[{"embeddable":true,"href":"https:\/\/www.cave-papillon.ch\/fr\/wp-json\/wp\/v2\/comments?post=197"}],"version-history":[{"count":8,"href":"https:\/\/www.cave-papillon.ch\/fr\/wp-json\/wp\/v2\/pages\/197\/revisions"}],"predecessor-version":[{"id":515,"href":"https:\/\/www.cave-papillon.ch\/fr\/wp-json\/wp\/v2\/pages\/197\/revisions\/515"}],"wp:attachment":[{"href":"https:\/\/www.cave-papillon.ch\/fr\/wp-json\/wp\/v2\/media?parent=197"}],"curies":[{"name":"wp","href":"https:\/\/api.w.org\/{rel}","templated":true}]}}