{"id":233,"date":"2022-10-31T16:09:23","date_gmt":"2022-10-31T15:09:23","guid":{"rendered":"https:\/\/papillon.provisoire.ch\/?post_type=product&#038;p=233"},"modified":"2026-02-10T13:43:34","modified_gmt":"2026-02-10T12:43:34","slug":"chardonnay","status":"publish","type":"product","link":"https:\/\/www.cave-papillon.ch\/fr\/produit\/chardonnay\/","title":{"rendered":"Chardonnay 2022 &#8211; 75cl"},"content":{"rendered":"<p>Le chardonnay sait se mettre en sc\u00e8ne avec efficacit\u00e9, avec des ar\u00f4mes o\u00f9 se m\u00ealent fleurs et fruits. Il se pr\u00e9sente ici en Valais avec un corps dense et puissant et une belle distinction. Une couleur dor\u00e9e et un fondant g\u00e9n\u00e9reux caract\u00e9risent ce vin blanc tr\u00e8s appr\u00e9ci\u00e9. Il est tr\u00e8s appr\u00e9ci\u00e9 \u00e0 l'ap\u00e9ritif.<\/p>\n<p>Il se marie entre autres avec le saumon fum\u00e9, les crustac\u00e9s, le risotto aux langoustines, la truite ou la sole aux amandes, les fromages \u00e0 p\u00e2te molle.<\/p>\n<p>Temp\u00e9rature de d\u00e9gustation recommand\u00e9e 10 - 12\u00b0C<\/p>\n<p>12.4% vol.<\/p>\n<p>Contient des sulfites<\/p>","protected":false},"excerpt":{"rendered":"<p>This is a simple product.<\/p>","protected":false},"featured_media":47,"template":"","meta":{"_et_pb_use_builder":"","_et_pb_old_content":"","_et_gb_content_width":""},"product_brand":[],"product_cat":[24],"product_tag":[],"class_list":{"0":"post-233","1":"product","2":"type-product","3":"status-publish","4":"has-post-thumbnail","6":"product_cat-in-der-75-cl-bordelaise-aoc-valais","8":"first","9":"instock","10":"shipping-taxable","11":"purchasable","12":"product-type-simple"},"yoast_head":"<!-- This site is optimized with the Yoast SEO plugin v27.4 - https:\/\/yoast.com\/product\/yoast-seo-wordpress\/ -->\n<title>Cave papillon - Chardonnay 2022 - 75cl<\/title>\n<meta name=\"description\" content=\"Vin de la Cave Papillon \u00e0 Salquenen. Vous pouvez obtenir des vins blancs, des vins rouges, aussi bien en 50cl qu&#039;en 75cl.\" \/>\n<meta name=\"robots\" content=\"index, follow, max-snippet:-1, max-image-preview:large, max-video-preview:-1\" \/>\n<link rel=\"canonical\" href=\"https:\/\/www.cave-papillon.ch\/fr\/produit\/chardonnay\/\" \/>\n<meta property=\"og:locale\" content=\"fr_FR\" \/>\n<meta property=\"og:type\" content=\"article\" \/>\n<meta property=\"og:title\" content=\"Cave papillon - Chardonnay 2022 - 75cl\" \/>\n<meta property=\"og:description\" content=\"Vin de la Cave Papillon \u00e0 Salquenen. Vous pouvez obtenir des vins blancs, des vins rouges, aussi bien en 50cl qu&#039;en 75cl.\" \/>\n<meta property=\"og:url\" content=\"https:\/\/www.cave-papillon.ch\/fr\/produit\/chardonnay\/\" \/>\n<meta property=\"og:site_name\" content=\"Cave papillon\" \/>\n<meta property=\"article:modified_time\" content=\"2026-02-10T12:43:34+00:00\" \/>\n<meta property=\"og:image\" content=\"https:\/\/www.cave-papillon.ch\/wp-content\/uploads\/2022\/10\/Chardon_75.jpg\" \/>\n\t<meta property=\"og:image:width\" content=\"300\" \/>\n\t<meta property=\"og:image:height\" content=\"450\" \/>\n\t<meta property=\"og:image:type\" content=\"image\/jpeg\" \/>\n<meta name=\"twitter:card\" content=\"summary_large_image\" \/>\n<meta name=\"twitter:label1\" content=\"Dur\u00e9e de lecture estim\u00e9e\" \/>\n\t<meta name=\"twitter:data1\" content=\"1 minute\" \/>\n<script type=\"application\/ld+json\" class=\"yoast-schema-graph\">{\"@context\":\"https:\\\/\\\/schema.org\",\"@graph\":[{\"@type\":\"WebPage\",\"@id\":\"https:\\\/\\\/www.cave-papillon.ch\\\/produit\\\/chardonnay\\\/\",\"url\":\"https:\\\/\\\/www.cave-papillon.ch\\\/produit\\\/chardonnay\\\/\",\"name\":\"Cave papillon - Chardonnay 2022 - 75cl\",\"isPartOf\":{\"@id\":\"https:\\\/\\\/www.cave-papillon.ch\\\/#website\"},\"primaryImageOfPage\":{\"@id\":\"https:\\\/\\\/www.cave-papillon.ch\\\/produit\\\/chardonnay\\\/#primaryimage\"},\"image\":{\"@id\":\"https:\\\/\\\/www.cave-papillon.ch\\\/produit\\\/chardonnay\\\/#primaryimage\"},\"thumbnailUrl\":\"https:\\\/\\\/www.cave-papillon.ch\\\/wp-content\\\/uploads\\\/2022\\\/10\\\/Chardon_75.jpg\",\"datePublished\":\"2022-10-31T15:09:23+00:00\",\"dateModified\":\"2026-02-10T12:43:34+00:00\",\"description\":\"Vin de la Cave Papillon \u00e0 Salquenen. Vous pouvez obtenir des vins blancs, des vins rouges, aussi bien en 50cl qu'en 75cl.\",\"breadcrumb\":{\"@id\":\"https:\\\/\\\/www.cave-papillon.ch\\\/produit\\\/chardonnay\\\/#breadcrumb\"},\"inLanguage\":\"fr-FR\",\"potentialAction\":[{\"@type\":\"ReadAction\",\"target\":[\"https:\\\/\\\/www.cave-papillon.ch\\\/produit\\\/chardonnay\\\/\"]}]},{\"@type\":\"ImageObject\",\"inLanguage\":\"fr-FR\",\"@id\":\"https:\\\/\\\/www.cave-papillon.ch\\\/produit\\\/chardonnay\\\/#primaryimage\",\"url\":\"https:\\\/\\\/www.cave-papillon.ch\\\/wp-content\\\/uploads\\\/2022\\\/10\\\/Chardon_75.jpg\",\"contentUrl\":\"https:\\\/\\\/www.cave-papillon.ch\\\/wp-content\\\/uploads\\\/2022\\\/10\\\/Chardon_75.jpg\",\"width\":300,\"height\":450},{\"@type\":\"BreadcrumbList\",\"@id\":\"https:\\\/\\\/www.cave-papillon.ch\\\/produit\\\/chardonnay\\\/#breadcrumb\",\"itemListElement\":[{\"@type\":\"ListItem\",\"position\":1,\"name\":\"Accueil\",\"item\":\"https:\\\/\\\/www.cave-papillon.ch\\\/fr\\\/\"},{\"@type\":\"ListItem\",\"position\":2,\"name\":\"Der Shop\",\"item\":\"https:\\\/\\\/www.cave-papillon.ch\\\/der-shop\\\/\"},{\"@type\":\"ListItem\",\"position\":3,\"name\":\"Chardonnay 2022 &#8211; 75cl\"}]},{\"@type\":\"WebSite\",\"@id\":\"https:\\\/\\\/www.cave-papillon.ch\\\/#website\",\"url\":\"https:\\\/\\\/www.cave-papillon.ch\\\/\",\"name\":\"Cave papillon\",\"description\":\"Cave de la famille Wenger \u00e0 Salquenen\",\"potentialAction\":[{\"@type\":\"SearchAction\",\"target\":{\"@type\":\"EntryPoint\",\"urlTemplate\":\"https:\\\/\\\/www.cave-papillon.ch\\\/?s={search_term_string}\"},\"query-input\":{\"@type\":\"PropertyValueSpecification\",\"valueRequired\":true,\"valueName\":\"search_term_string\"}}],\"inLanguage\":\"fr-FR\"}]}<\/script>\n<!-- \/ Yoast SEO plugin. -->","yoast_head_json":{"title":"Cave papillon - Chardonnay 2022 - 75cl","description":"Vin de la Cave Papillon \u00e0 Salquenen. Vous pouvez obtenir des vins blancs, des vins rouges, aussi bien en 50cl qu'en 75cl.","robots":{"index":"index","follow":"follow","max-snippet":"max-snippet:-1","max-image-preview":"max-image-preview:large","max-video-preview":"max-video-preview:-1"},"canonical":"https:\/\/www.cave-papillon.ch\/fr\/produit\/chardonnay\/","og_locale":"fr_FR","og_type":"article","og_title":"Cave papillon - Chardonnay 2022 - 75cl","og_description":"Vin de la Cave Papillon \u00e0 Salquenen. Vous pouvez obtenir des vins blancs, des vins rouges, aussi bien en 50cl qu'en 75cl.","og_url":"https:\/\/www.cave-papillon.ch\/fr\/produit\/chardonnay\/","og_site_name":"Cave papillon","article_modified_time":"2026-02-10T12:43:34+00:00","og_image":[{"width":300,"height":450,"url":"https:\/\/www.cave-papillon.ch\/wp-content\/uploads\/2022\/10\/Chardon_75.jpg","type":"image\/jpeg"}],"twitter_card":"summary_large_image","twitter_misc":{"Dur\u00e9e de lecture estim\u00e9e":"1 minute"},"schema":{"@context":"https:\/\/schema.org","@graph":[{"@type":"WebPage","@id":"https:\/\/www.cave-papillon.ch\/produit\/chardonnay\/","url":"https:\/\/www.cave-papillon.ch\/produit\/chardonnay\/","name":"Cave papillon - Chardonnay 2022 - 75cl","isPartOf":{"@id":"https:\/\/www.cave-papillon.ch\/#website"},"primaryImageOfPage":{"@id":"https:\/\/www.cave-papillon.ch\/produit\/chardonnay\/#primaryimage"},"image":{"@id":"https:\/\/www.cave-papillon.ch\/produit\/chardonnay\/#primaryimage"},"thumbnailUrl":"https:\/\/www.cave-papillon.ch\/wp-content\/uploads\/2022\/10\/Chardon_75.jpg","datePublished":"2022-10-31T15:09:23+00:00","dateModified":"2026-02-10T12:43:34+00:00","description":"Vin de la Cave Papillon \u00e0 Salquenen. Vous pouvez obtenir des vins blancs, des vins rouges, aussi bien en 50cl qu'en 75cl.","breadcrumb":{"@id":"https:\/\/www.cave-papillon.ch\/produit\/chardonnay\/#breadcrumb"},"inLanguage":"fr-FR","potentialAction":[{"@type":"ReadAction","target":["https:\/\/www.cave-papillon.ch\/produit\/chardonnay\/"]}]},{"@type":"ImageObject","inLanguage":"fr-FR","@id":"https:\/\/www.cave-papillon.ch\/produit\/chardonnay\/#primaryimage","url":"https:\/\/www.cave-papillon.ch\/wp-content\/uploads\/2022\/10\/Chardon_75.jpg","contentUrl":"https:\/\/www.cave-papillon.ch\/wp-content\/uploads\/2022\/10\/Chardon_75.jpg","width":300,"height":450},{"@type":"BreadcrumbList","@id":"https:\/\/www.cave-papillon.ch\/produit\/chardonnay\/#breadcrumb","itemListElement":[{"@type":"ListItem","position":1,"name":"Accueil","item":"https:\/\/www.cave-papillon.ch\/fr\/"},{"@type":"ListItem","position":2,"name":"Der Shop","item":"https:\/\/www.cave-papillon.ch\/der-shop\/"},{"@type":"ListItem","position":3,"name":"Chardonnay 2022 &#8211; 75cl"}]},{"@type":"WebSite","@id":"https:\/\/www.cave-papillon.ch\/#website","url":"https:\/\/www.cave-papillon.ch\/","name":"Cave papillon","description":"Cave de la famille Wenger \u00e0 Salquenen","potentialAction":[{"@type":"SearchAction","target":{"@type":"EntryPoint","urlTemplate":"https:\/\/www.cave-papillon.ch\/?s={search_term_string}"},"query-input":{"@type":"PropertyValueSpecification","valueRequired":true,"valueName":"search_term_string"}}],"inLanguage":"fr-FR"}]}},"_links":{"self":[{"href":"https:\/\/www.cave-papillon.ch\/fr\/wp-json\/wp\/v2\/product\/233","targetHints":{"allow":["GET"]}}],"collection":[{"href":"https:\/\/www.cave-papillon.ch\/fr\/wp-json\/wp\/v2\/product"}],"about":[{"href":"https:\/\/www.cave-papillon.ch\/fr\/wp-json\/wp\/v2\/types\/product"}],"wp:featuredmedia":[{"embeddable":true,"href":"https:\/\/www.cave-papillon.ch\/fr\/wp-json\/wp\/v2\/media\/47"}],"wp:attachment":[{"href":"https:\/\/www.cave-papillon.ch\/fr\/wp-json\/wp\/v2\/media?parent=233"}],"wp:term":[{"taxonomy":"product_brand","embeddable":true,"href":"https:\/\/www.cave-papillon.ch\/fr\/wp-json\/wp\/v2\/product_brand?post=233"},{"taxonomy":"product_cat","embeddable":true,"href":"https:\/\/www.cave-papillon.ch\/fr\/wp-json\/wp\/v2\/product_cat?post=233"},{"taxonomy":"product_tag","embeddable":true,"href":"https:\/\/www.cave-papillon.ch\/fr\/wp-json\/wp\/v2\/product_tag?post=233"}],"curies":[{"name":"wp","href":"https:\/\/api.w.org\/{rel}","templated":true}]}}