{"id":239,"date":"2022-10-31T16:27:56","date_gmt":"2022-10-31T15:27:56","guid":{"rendered":"https:\/\/papillon.provisoire.ch\/?post_type=product&#038;p=239"},"modified":"2026-02-10T13:36:09","modified_gmt":"2026-02-10T12:36:09","slug":"pinot-noir-sommernachtstraum-2019","status":"publish","type":"product","link":"https:\/\/www.cave-papillon.ch\/fr\/produit\/pinot-noir-sommernachtstraum-2019\/","title":{"rendered":"Pinot Noir &#8220;Sommernachtstraum&#8220; 2022 &#8211; 75cl"},"content":{"rendered":"<p>Dieser Pinot noir entsteht aus einer Auslese der sch\u00f6nsten und \u00e4ltesten Reblagen in Salgesch. Die B\u00f6den sind kalkhaltig und mager, die Wurzeln suchen tief im Untergrund nach Nahrung und Wasser.<\/p>\n<p>Diese Komponenten ergeben einen dunklen, duftigen und k\u00f6rperreichen Wein mit Kraft und Essenz. Er kann jung getrunken werden, das Alter aber verleiht ihm Schmelz, Vernehmheit und W\u00fcrde.<\/p>\n<p>Er passt u.a. zu Fleischgereichten, Wild, Gefl\u00fcgel, Rahmk\u00e4se, Pasta.<\/p>\n<p>Il est pr\u00e9f\u00e9rable de le d\u00e9boucher et de le d\u00e9guster un quart d'heure avant pour le laisser respirer un peu.<\/p>\n<p>Empfohlene Trinktemperatur 16-18\u00b0C<\/p>\n<p>13% vol.<\/p>\n<p>Contient des sulfites<\/p>","protected":false},"excerpt":{"rendered":"<p>This is a simple product.<\/p>","protected":false},"featured_media":66,"template":"","meta":{"_et_pb_use_builder":"","_et_pb_old_content":"","_et_gb_content_width":""},"product_brand":[],"product_cat":[24],"product_tag":[],"class_list":{"0":"post-239","1":"product","2":"type-product","3":"status-publish","4":"has-post-thumbnail","6":"product_cat-in-der-75-cl-bordelaise-aoc-valais","8":"first","9":"instock","10":"shipping-taxable","11":"purchasable","12":"product-type-simple"},"yoast_head":"<!-- This site is optimized with the Yoast SEO plugin v27.4 - https:\/\/yoast.com\/product\/yoast-seo-wordpress\/ -->\n<title>Cave papillon - Pinot Noir &#039;&#039;Sommernachtstraum&#039;&#039; 2022 - 75cl<\/title>\n<meta name=\"description\" content=\"Vin de la Cave Papillon \u00e0 Salquenen. Vous pouvez obtenir des vins blancs, des vins rouges, aussi bien en 50cl qu&#039;en 75cl.\" \/>\n<meta name=\"robots\" content=\"index, follow, max-snippet:-1, max-image-preview:large, max-video-preview:-1\" \/>\n<link rel=\"canonical\" href=\"https:\/\/www.cave-papillon.ch\/fr\/produit\/pinot-noir-sommernachtstraum-2019\/\" \/>\n<meta property=\"og:locale\" content=\"fr_FR\" \/>\n<meta property=\"og:type\" content=\"article\" \/>\n<meta property=\"og:title\" content=\"Cave papillon - Pinot Noir &#039;&#039;Sommernachtstraum&#039;&#039; 2022 - 75cl\" \/>\n<meta property=\"og:description\" content=\"Vin de la Cave Papillon \u00e0 Salquenen. Vous pouvez obtenir des vins blancs, des vins rouges, aussi bien en 50cl qu&#039;en 75cl.\" \/>\n<meta property=\"og:url\" content=\"https:\/\/www.cave-papillon.ch\/fr\/produit\/pinot-noir-sommernachtstraum-2019\/\" \/>\n<meta property=\"og:site_name\" content=\"Cave papillon\" \/>\n<meta property=\"article:modified_time\" content=\"2026-02-10T12:36:09+00:00\" \/>\n<meta property=\"og:image\" content=\"https:\/\/www.cave-papillon.ch\/wp-content\/uploads\/2022\/10\/pino_2000.jpg\" \/>\n\t<meta property=\"og:image:width\" content=\"300\" \/>\n\t<meta property=\"og:image:height\" content=\"450\" \/>\n\t<meta property=\"og:image:type\" content=\"image\/jpeg\" \/>\n<meta name=\"twitter:card\" content=\"summary_large_image\" \/>\n<meta name=\"twitter:label1\" content=\"Dur\u00e9e de lecture estim\u00e9e\" \/>\n\t<meta name=\"twitter:data1\" content=\"1 minute\" \/>\n<script type=\"application\/ld+json\" class=\"yoast-schema-graph\">{\"@context\":\"https:\\\/\\\/schema.org\",\"@graph\":[{\"@type\":\"WebPage\",\"@id\":\"https:\\\/\\\/www.cave-papillon.ch\\\/produit\\\/pinot-noir-sommernachtstraum-2019\\\/\",\"url\":\"https:\\\/\\\/www.cave-papillon.ch\\\/produit\\\/pinot-noir-sommernachtstraum-2019\\\/\",\"name\":\"Cave papillon - Pinot Noir ''Sommernachtstraum'' 2022 - 75cl\",\"isPartOf\":{\"@id\":\"https:\\\/\\\/www.cave-papillon.ch\\\/#website\"},\"primaryImageOfPage\":{\"@id\":\"https:\\\/\\\/www.cave-papillon.ch\\\/produit\\\/pinot-noir-sommernachtstraum-2019\\\/#primaryimage\"},\"image\":{\"@id\":\"https:\\\/\\\/www.cave-papillon.ch\\\/produit\\\/pinot-noir-sommernachtstraum-2019\\\/#primaryimage\"},\"thumbnailUrl\":\"https:\\\/\\\/www.cave-papillon.ch\\\/wp-content\\\/uploads\\\/2022\\\/10\\\/pino_2000.jpg\",\"datePublished\":\"2022-10-31T15:27:56+00:00\",\"dateModified\":\"2026-02-10T12:36:09+00:00\",\"description\":\"Vin de la Cave Papillon \u00e0 Salquenen. Vous pouvez obtenir des vins blancs, des vins rouges, aussi bien en 50cl qu'en 75cl.\",\"breadcrumb\":{\"@id\":\"https:\\\/\\\/www.cave-papillon.ch\\\/produit\\\/pinot-noir-sommernachtstraum-2019\\\/#breadcrumb\"},\"inLanguage\":\"fr-FR\",\"potentialAction\":[{\"@type\":\"ReadAction\",\"target\":[\"https:\\\/\\\/www.cave-papillon.ch\\\/produit\\\/pinot-noir-sommernachtstraum-2019\\\/\"]}]},{\"@type\":\"ImageObject\",\"inLanguage\":\"fr-FR\",\"@id\":\"https:\\\/\\\/www.cave-papillon.ch\\\/produit\\\/pinot-noir-sommernachtstraum-2019\\\/#primaryimage\",\"url\":\"https:\\\/\\\/www.cave-papillon.ch\\\/wp-content\\\/uploads\\\/2022\\\/10\\\/pino_2000.jpg\",\"contentUrl\":\"https:\\\/\\\/www.cave-papillon.ch\\\/wp-content\\\/uploads\\\/2022\\\/10\\\/pino_2000.jpg\",\"width\":300,\"height\":450},{\"@type\":\"BreadcrumbList\",\"@id\":\"https:\\\/\\\/www.cave-papillon.ch\\\/produit\\\/pinot-noir-sommernachtstraum-2019\\\/#breadcrumb\",\"itemListElement\":[{\"@type\":\"ListItem\",\"position\":1,\"name\":\"Accueil\",\"item\":\"https:\\\/\\\/www.cave-papillon.ch\\\/fr\\\/\"},{\"@type\":\"ListItem\",\"position\":2,\"name\":\"Der Shop\",\"item\":\"https:\\\/\\\/www.cave-papillon.ch\\\/der-shop\\\/\"},{\"@type\":\"ListItem\",\"position\":3,\"name\":\"Pinot Noir &#8220;Sommernachtstraum&#8220; 2022 &#8211; 75cl\"}]},{\"@type\":\"WebSite\",\"@id\":\"https:\\\/\\\/www.cave-papillon.ch\\\/#website\",\"url\":\"https:\\\/\\\/www.cave-papillon.ch\\\/\",\"name\":\"Cave papillon\",\"description\":\"Cave de la famille Wenger \u00e0 Salquenen\",\"potentialAction\":[{\"@type\":\"SearchAction\",\"target\":{\"@type\":\"EntryPoint\",\"urlTemplate\":\"https:\\\/\\\/www.cave-papillon.ch\\\/?s={search_term_string}\"},\"query-input\":{\"@type\":\"PropertyValueSpecification\",\"valueRequired\":true,\"valueName\":\"search_term_string\"}}],\"inLanguage\":\"fr-FR\"}]}<\/script>\n<!-- \/ Yoast SEO plugin. -->","yoast_head_json":{"title":"Cave papillon - Pinot Noir ''Sommernachtstraum'' 2022 - 75cl","description":"Vin de la Cave Papillon \u00e0 Salquenen. Vous pouvez obtenir des vins blancs, des vins rouges, aussi bien en 50cl qu'en 75cl.","robots":{"index":"index","follow":"follow","max-snippet":"max-snippet:-1","max-image-preview":"max-image-preview:large","max-video-preview":"max-video-preview:-1"},"canonical":"https:\/\/www.cave-papillon.ch\/fr\/produit\/pinot-noir-sommernachtstraum-2019\/","og_locale":"fr_FR","og_type":"article","og_title":"Cave papillon - Pinot Noir ''Sommernachtstraum'' 2022 - 75cl","og_description":"Vin de la Cave Papillon \u00e0 Salquenen. Vous pouvez obtenir des vins blancs, des vins rouges, aussi bien en 50cl qu'en 75cl.","og_url":"https:\/\/www.cave-papillon.ch\/fr\/produit\/pinot-noir-sommernachtstraum-2019\/","og_site_name":"Cave papillon","article_modified_time":"2026-02-10T12:36:09+00:00","og_image":[{"width":300,"height":450,"url":"https:\/\/www.cave-papillon.ch\/wp-content\/uploads\/2022\/10\/pino_2000.jpg","type":"image\/jpeg"}],"twitter_card":"summary_large_image","twitter_misc":{"Dur\u00e9e de lecture estim\u00e9e":"1 minute"},"schema":{"@context":"https:\/\/schema.org","@graph":[{"@type":"WebPage","@id":"https:\/\/www.cave-papillon.ch\/produit\/pinot-noir-sommernachtstraum-2019\/","url":"https:\/\/www.cave-papillon.ch\/produit\/pinot-noir-sommernachtstraum-2019\/","name":"Cave papillon - Pinot Noir ''Sommernachtstraum'' 2022 - 75cl","isPartOf":{"@id":"https:\/\/www.cave-papillon.ch\/#website"},"primaryImageOfPage":{"@id":"https:\/\/www.cave-papillon.ch\/produit\/pinot-noir-sommernachtstraum-2019\/#primaryimage"},"image":{"@id":"https:\/\/www.cave-papillon.ch\/produit\/pinot-noir-sommernachtstraum-2019\/#primaryimage"},"thumbnailUrl":"https:\/\/www.cave-papillon.ch\/wp-content\/uploads\/2022\/10\/pino_2000.jpg","datePublished":"2022-10-31T15:27:56+00:00","dateModified":"2026-02-10T12:36:09+00:00","description":"Vin de la Cave Papillon \u00e0 Salquenen. Vous pouvez obtenir des vins blancs, des vins rouges, aussi bien en 50cl qu'en 75cl.","breadcrumb":{"@id":"https:\/\/www.cave-papillon.ch\/produit\/pinot-noir-sommernachtstraum-2019\/#breadcrumb"},"inLanguage":"fr-FR","potentialAction":[{"@type":"ReadAction","target":["https:\/\/www.cave-papillon.ch\/produit\/pinot-noir-sommernachtstraum-2019\/"]}]},{"@type":"ImageObject","inLanguage":"fr-FR","@id":"https:\/\/www.cave-papillon.ch\/produit\/pinot-noir-sommernachtstraum-2019\/#primaryimage","url":"https:\/\/www.cave-papillon.ch\/wp-content\/uploads\/2022\/10\/pino_2000.jpg","contentUrl":"https:\/\/www.cave-papillon.ch\/wp-content\/uploads\/2022\/10\/pino_2000.jpg","width":300,"height":450},{"@type":"BreadcrumbList","@id":"https:\/\/www.cave-papillon.ch\/produit\/pinot-noir-sommernachtstraum-2019\/#breadcrumb","itemListElement":[{"@type":"ListItem","position":1,"name":"Accueil","item":"https:\/\/www.cave-papillon.ch\/fr\/"},{"@type":"ListItem","position":2,"name":"Der Shop","item":"https:\/\/www.cave-papillon.ch\/der-shop\/"},{"@type":"ListItem","position":3,"name":"Pinot Noir &#8220;Sommernachtstraum&#8220; 2022 &#8211; 75cl"}]},{"@type":"WebSite","@id":"https:\/\/www.cave-papillon.ch\/#website","url":"https:\/\/www.cave-papillon.ch\/","name":"Cave papillon","description":"Cave de la famille Wenger \u00e0 Salquenen","potentialAction":[{"@type":"SearchAction","target":{"@type":"EntryPoint","urlTemplate":"https:\/\/www.cave-papillon.ch\/?s={search_term_string}"},"query-input":{"@type":"PropertyValueSpecification","valueRequired":true,"valueName":"search_term_string"}}],"inLanguage":"fr-FR"}]}},"_links":{"self":[{"href":"https:\/\/www.cave-papillon.ch\/fr\/wp-json\/wp\/v2\/product\/239","targetHints":{"allow":["GET"]}}],"collection":[{"href":"https:\/\/www.cave-papillon.ch\/fr\/wp-json\/wp\/v2\/product"}],"about":[{"href":"https:\/\/www.cave-papillon.ch\/fr\/wp-json\/wp\/v2\/types\/product"}],"wp:featuredmedia":[{"embeddable":true,"href":"https:\/\/www.cave-papillon.ch\/fr\/wp-json\/wp\/v2\/media\/66"}],"wp:attachment":[{"href":"https:\/\/www.cave-papillon.ch\/fr\/wp-json\/wp\/v2\/media?parent=239"}],"wp:term":[{"taxonomy":"product_brand","embeddable":true,"href":"https:\/\/www.cave-papillon.ch\/fr\/wp-json\/wp\/v2\/product_brand?post=239"},{"taxonomy":"product_cat","embeddable":true,"href":"https:\/\/www.cave-papillon.ch\/fr\/wp-json\/wp\/v2\/product_cat?post=239"},{"taxonomy":"product_tag","embeddable":true,"href":"https:\/\/www.cave-papillon.ch\/fr\/wp-json\/wp\/v2\/product_tag?post=239"}],"curies":[{"name":"wp","href":"https:\/\/api.w.org\/{rel}","templated":true}]}}