{"id":241,"date":"2022-10-31T16:32:02","date_gmt":"2022-10-31T15:32:02","guid":{"rendered":"https:\/\/papillon.provisoire.ch\/?post_type=product&#038;p=241"},"modified":"2026-02-10T13:34:10","modified_gmt":"2026-02-10T12:34:10","slug":"cornalin-vom-salgesch","status":"publish","type":"product","link":"https:\/\/www.cave-papillon.ch\/fr\/produit\/cornalin-vom-salgesch\/","title":{"rendered":"Cornalin von Salgesch 2023 &#8211; 75cl"},"content":{"rendered":"<p>Von den im Wallis angepflanzten Sorten ist der Cornalin eine der Aeltesten. Er weist keinerlei Verwandschaft mit anderen Rebsorten auf und wird nur im Wallis seit Jahrunderten kultiviert. Der Cornalin, der mit seiner Frucht geizt und sehr sp\u00e4t reift, hat Generationen von Winzer entmutigt. Er darf nur an besten, gutbesonnten Lagen angepflanzt werden. Er verdankt die Wiederkehr ins Rampenlicht seinem aristokratischen Wesen. Von dunkelroter Farbe mit violetten Reflexen, pr\u00e4sentiert er ein delikat-komplexes, unverwechselbares Bouquet und einen perfekten K\u00f6rper. In seiner Jugend ist er zwar etwas ungest\u00fcm, mit dem Alter jedoch entwickelt er eine unglaubliche Finesse. Ein Walliser &#8222;Weinschatz&#8220; den es zu entedecken gilt.<\/p>\n<p>Empfohlene Trinktemperatur 16\u00b0-18\u00b0C<\/p>\n<p>14% vol.<\/p>\n<p>Contient des sulfites<\/p>","protected":false},"excerpt":{"rendered":"<p>This is a simple product.<\/p>","protected":false},"featured_media":48,"template":"","meta":{"_et_pb_use_builder":"","_et_pb_old_content":"","_et_gb_content_width":""},"product_brand":[],"product_cat":[24],"product_tag":[],"class_list":{"0":"post-241","1":"product","2":"type-product","3":"status-publish","4":"has-post-thumbnail","6":"product_cat-in-der-75-cl-bordelaise-aoc-valais","8":"first","9":"instock","10":"shipping-taxable","11":"purchasable","12":"product-type-simple"},"yoast_head":"<!-- This site is optimized with the Yoast SEO plugin v27.6 - https:\/\/yoast.com\/product\/yoast-seo-wordpress\/ -->\n<title>Cave papillon - Cornalin von Salgesch 2023 - 75cl<\/title>\n<meta name=\"description\" content=\"Vin de la Cave Papillon \u00e0 Salquenen. Vous pouvez obtenir des vins blancs, des vins rouges, aussi bien en 50cl qu&#039;en 75cl.\" \/>\n<meta name=\"robots\" content=\"index, follow, max-snippet:-1, max-image-preview:large, max-video-preview:-1\" \/>\n<link rel=\"canonical\" href=\"https:\/\/www.cave-papillon.ch\/fr\/produit\/cornalin-vom-salgesch\/\" \/>\n<meta property=\"og:locale\" content=\"fr_FR\" \/>\n<meta property=\"og:type\" content=\"article\" \/>\n<meta property=\"og:title\" content=\"Cave papillon - Cornalin von Salgesch 2023 - 75cl\" \/>\n<meta property=\"og:description\" content=\"Vin de la Cave Papillon \u00e0 Salquenen. Vous pouvez obtenir des vins blancs, des vins rouges, aussi bien en 50cl qu&#039;en 75cl.\" \/>\n<meta property=\"og:url\" content=\"https:\/\/www.cave-papillon.ch\/fr\/produit\/cornalin-vom-salgesch\/\" \/>\n<meta property=\"og:site_name\" content=\"Cave papillon\" \/>\n<meta property=\"article:modified_time\" content=\"2026-02-10T12:34:10+00:00\" \/>\n<meta property=\"og:image\" content=\"https:\/\/www.cave-papillon.ch\/wp-content\/uploads\/2022\/10\/cornalin.jpg\" \/>\n\t<meta property=\"og:image:width\" content=\"400\" \/>\n\t<meta property=\"og:image:height\" content=\"600\" \/>\n\t<meta property=\"og:image:type\" content=\"image\/jpeg\" \/>\n<meta name=\"twitter:card\" content=\"summary_large_image\" \/>\n<meta name=\"twitter:label1\" content=\"Dur\u00e9e de lecture estim\u00e9e\" \/>\n\t<meta name=\"twitter:data1\" content=\"1 minute\" \/>\n<script type=\"application\/ld+json\" class=\"yoast-schema-graph\">{\"@context\":\"https:\\\/\\\/schema.org\",\"@graph\":[{\"@type\":\"WebPage\",\"@id\":\"https:\\\/\\\/www.cave-papillon.ch\\\/produit\\\/cornalin-vom-salgesch\\\/\",\"url\":\"https:\\\/\\\/www.cave-papillon.ch\\\/produit\\\/cornalin-vom-salgesch\\\/\",\"name\":\"Cave papillon - Cornalin von Salgesch 2023 - 75cl\",\"isPartOf\":{\"@id\":\"https:\\\/\\\/www.cave-papillon.ch\\\/#website\"},\"primaryImageOfPage\":{\"@id\":\"https:\\\/\\\/www.cave-papillon.ch\\\/produit\\\/cornalin-vom-salgesch\\\/#primaryimage\"},\"image\":{\"@id\":\"https:\\\/\\\/www.cave-papillon.ch\\\/produit\\\/cornalin-vom-salgesch\\\/#primaryimage\"},\"thumbnailUrl\":\"https:\\\/\\\/www.cave-papillon.ch\\\/wp-content\\\/uploads\\\/2022\\\/10\\\/cornalin.jpg\",\"datePublished\":\"2022-10-31T15:32:02+00:00\",\"dateModified\":\"2026-02-10T12:34:10+00:00\",\"description\":\"Vin de la Cave Papillon \u00e0 Salquenen. Vous pouvez obtenir des vins blancs, des vins rouges, aussi bien en 50cl qu'en 75cl.\",\"breadcrumb\":{\"@id\":\"https:\\\/\\\/www.cave-papillon.ch\\\/produit\\\/cornalin-vom-salgesch\\\/#breadcrumb\"},\"inLanguage\":\"fr-FR\",\"potentialAction\":[{\"@type\":\"ReadAction\",\"target\":[\"https:\\\/\\\/www.cave-papillon.ch\\\/produit\\\/cornalin-vom-salgesch\\\/\"]}]},{\"@type\":\"ImageObject\",\"inLanguage\":\"fr-FR\",\"@id\":\"https:\\\/\\\/www.cave-papillon.ch\\\/produit\\\/cornalin-vom-salgesch\\\/#primaryimage\",\"url\":\"https:\\\/\\\/www.cave-papillon.ch\\\/wp-content\\\/uploads\\\/2022\\\/10\\\/cornalin.jpg\",\"contentUrl\":\"https:\\\/\\\/www.cave-papillon.ch\\\/wp-content\\\/uploads\\\/2022\\\/10\\\/cornalin.jpg\",\"width\":400,\"height\":600},{\"@type\":\"BreadcrumbList\",\"@id\":\"https:\\\/\\\/www.cave-papillon.ch\\\/produit\\\/cornalin-vom-salgesch\\\/#breadcrumb\",\"itemListElement\":[{\"@type\":\"ListItem\",\"position\":1,\"name\":\"Accueil\",\"item\":\"https:\\\/\\\/www.cave-papillon.ch\\\/fr\\\/\"},{\"@type\":\"ListItem\",\"position\":2,\"name\":\"Der Shop\",\"item\":\"https:\\\/\\\/www.cave-papillon.ch\\\/der-shop\\\/\"},{\"@type\":\"ListItem\",\"position\":3,\"name\":\"Cornalin von Salgesch 2023 &#8211; 75cl\"}]},{\"@type\":\"WebSite\",\"@id\":\"https:\\\/\\\/www.cave-papillon.ch\\\/#website\",\"url\":\"https:\\\/\\\/www.cave-papillon.ch\\\/\",\"name\":\"Cave papillon\",\"description\":\"Cave de la famille Wenger \u00e0 Salquenen\",\"potentialAction\":[{\"@type\":\"SearchAction\",\"target\":{\"@type\":\"EntryPoint\",\"urlTemplate\":\"https:\\\/\\\/www.cave-papillon.ch\\\/?s={search_term_string}\"},\"query-input\":{\"@type\":\"PropertyValueSpecification\",\"valueRequired\":true,\"valueName\":\"search_term_string\"}}],\"inLanguage\":\"fr-FR\"}]}<\/script>\n<!-- \/ Yoast SEO plugin. -->","yoast_head_json":{"title":"Cave papillon - Cornalin von Salgesch 2023 - 75cl","description":"Vin de la Cave Papillon \u00e0 Salquenen. Vous pouvez obtenir des vins blancs, des vins rouges, aussi bien en 50cl qu'en 75cl.","robots":{"index":"index","follow":"follow","max-snippet":"max-snippet:-1","max-image-preview":"max-image-preview:large","max-video-preview":"max-video-preview:-1"},"canonical":"https:\/\/www.cave-papillon.ch\/fr\/produit\/cornalin-vom-salgesch\/","og_locale":"fr_FR","og_type":"article","og_title":"Cave papillon - Cornalin von Salgesch 2023 - 75cl","og_description":"Vin de la Cave Papillon \u00e0 Salquenen. Vous pouvez obtenir des vins blancs, des vins rouges, aussi bien en 50cl qu'en 75cl.","og_url":"https:\/\/www.cave-papillon.ch\/fr\/produit\/cornalin-vom-salgesch\/","og_site_name":"Cave papillon","article_modified_time":"2026-02-10T12:34:10+00:00","og_image":[{"width":400,"height":600,"url":"https:\/\/www.cave-papillon.ch\/wp-content\/uploads\/2022\/10\/cornalin.jpg","type":"image\/jpeg"}],"twitter_card":"summary_large_image","twitter_misc":{"Dur\u00e9e de lecture estim\u00e9e":"1 minute"},"schema":{"@context":"https:\/\/schema.org","@graph":[{"@type":"WebPage","@id":"https:\/\/www.cave-papillon.ch\/produit\/cornalin-vom-salgesch\/","url":"https:\/\/www.cave-papillon.ch\/produit\/cornalin-vom-salgesch\/","name":"Cave papillon - Cornalin von Salgesch 2023 - 75cl","isPartOf":{"@id":"https:\/\/www.cave-papillon.ch\/#website"},"primaryImageOfPage":{"@id":"https:\/\/www.cave-papillon.ch\/produit\/cornalin-vom-salgesch\/#primaryimage"},"image":{"@id":"https:\/\/www.cave-papillon.ch\/produit\/cornalin-vom-salgesch\/#primaryimage"},"thumbnailUrl":"https:\/\/www.cave-papillon.ch\/wp-content\/uploads\/2022\/10\/cornalin.jpg","datePublished":"2022-10-31T15:32:02+00:00","dateModified":"2026-02-10T12:34:10+00:00","description":"Vin de la Cave Papillon \u00e0 Salquenen. Vous pouvez obtenir des vins blancs, des vins rouges, aussi bien en 50cl qu'en 75cl.","breadcrumb":{"@id":"https:\/\/www.cave-papillon.ch\/produit\/cornalin-vom-salgesch\/#breadcrumb"},"inLanguage":"fr-FR","potentialAction":[{"@type":"ReadAction","target":["https:\/\/www.cave-papillon.ch\/produit\/cornalin-vom-salgesch\/"]}]},{"@type":"ImageObject","inLanguage":"fr-FR","@id":"https:\/\/www.cave-papillon.ch\/produit\/cornalin-vom-salgesch\/#primaryimage","url":"https:\/\/www.cave-papillon.ch\/wp-content\/uploads\/2022\/10\/cornalin.jpg","contentUrl":"https:\/\/www.cave-papillon.ch\/wp-content\/uploads\/2022\/10\/cornalin.jpg","width":400,"height":600},{"@type":"BreadcrumbList","@id":"https:\/\/www.cave-papillon.ch\/produit\/cornalin-vom-salgesch\/#breadcrumb","itemListElement":[{"@type":"ListItem","position":1,"name":"Accueil","item":"https:\/\/www.cave-papillon.ch\/fr\/"},{"@type":"ListItem","position":2,"name":"Der Shop","item":"https:\/\/www.cave-papillon.ch\/der-shop\/"},{"@type":"ListItem","position":3,"name":"Cornalin von Salgesch 2023 &#8211; 75cl"}]},{"@type":"WebSite","@id":"https:\/\/www.cave-papillon.ch\/#website","url":"https:\/\/www.cave-papillon.ch\/","name":"Cave papillon","description":"Cave de la famille Wenger \u00e0 Salquenen","potentialAction":[{"@type":"SearchAction","target":{"@type":"EntryPoint","urlTemplate":"https:\/\/www.cave-papillon.ch\/?s={search_term_string}"},"query-input":{"@type":"PropertyValueSpecification","valueRequired":true,"valueName":"search_term_string"}}],"inLanguage":"fr-FR"}]}},"_links":{"self":[{"href":"https:\/\/www.cave-papillon.ch\/fr\/wp-json\/wp\/v2\/product\/241","targetHints":{"allow":["GET"]}}],"collection":[{"href":"https:\/\/www.cave-papillon.ch\/fr\/wp-json\/wp\/v2\/product"}],"about":[{"href":"https:\/\/www.cave-papillon.ch\/fr\/wp-json\/wp\/v2\/types\/product"}],"wp:featuredmedia":[{"embeddable":true,"href":"https:\/\/www.cave-papillon.ch\/fr\/wp-json\/wp\/v2\/media\/48"}],"wp:attachment":[{"href":"https:\/\/www.cave-papillon.ch\/fr\/wp-json\/wp\/v2\/media?parent=241"}],"wp:term":[{"taxonomy":"product_brand","embeddable":true,"href":"https:\/\/www.cave-papillon.ch\/fr\/wp-json\/wp\/v2\/product_brand?post=241"},{"taxonomy":"product_cat","embeddable":true,"href":"https:\/\/www.cave-papillon.ch\/fr\/wp-json\/wp\/v2\/product_cat?post=241"},{"taxonomy":"product_tag","embeddable":true,"href":"https:\/\/www.cave-papillon.ch\/fr\/wp-json\/wp\/v2\/product_tag?post=241"}],"curies":[{"name":"wp","href":"https:\/\/api.w.org\/{rel}","templated":true}]}}