{"id":259,"date":"2022-10-31T20:14:20","date_gmt":"2022-10-31T19:14:20","guid":{"rendered":"https:\/\/papillon.provisoire.ch\/?post_type=product&#038;p=259"},"modified":"2026-02-10T13:21:12","modified_gmt":"2026-02-10T12:21:12","slug":"lafnetscha","status":"publish","type":"product","link":"https:\/\/www.cave-papillon.ch\/fr\/produit\/lafnetscha\/","title":{"rendered":"Lafnetscha 2023 &#8211; 50cl"},"content":{"rendered":"<p>Der Lafnetscha ist eine eigenst\u00e4ndige weisse Rebsorte die als Spezialit\u00e4t seit langem im Oberwallis kultiviert wird. Er ist fast ausgestorben und wird nun wieder vereinzelt angebaut zum Ruhme der Walliser Weinvielfalt.<\/p>\n<p>Bei sch\u00f6ner Reife von 90-95 Oechsle geerntet und schonend vinifiziert, ergibt er einen vollmundigen Wein mit einem markanten, w\u00fcrzigen Bukett. Seine Fruchtigkeit und seine leichte, nat\u00fcrliche und dabei angenehme S\u00e4ure stempeln Ihn zu einem belebenden Aperitif. Er passt aber auch unter anderem zu Spargeln, G\u00e4nseleber, Meeresfr\u00fcchten, Fisch , Alpk\u00e4se.<\/p>\n<p>Empfohlene Ausschanktemperatur 10 \u2013 12 \u00b0C.<\/p>\n<p>12% vol.<\/p>\n<p>Contient des sulfites<\/p>","protected":false},"excerpt":{"rendered":"<p>This is a simple product.<\/p>","protected":false},"featured_media":55,"template":"","meta":{"_et_pb_use_builder":"","_et_pb_old_content":"","_et_gb_content_width":""},"product_brand":[],"product_cat":[26],"product_tag":[],"class_list":{"0":"post-259","1":"product","2":"type-product","3":"status-publish","4":"has-post-thumbnail","6":"product_cat-in-der-50-cl-bordelaise-aoc-valais","8":"first","9":"instock","10":"shipping-taxable","11":"purchasable","12":"product-type-simple"},"yoast_head":"<!-- This site is optimized with the Yoast SEO plugin v27.4 - https:\/\/yoast.com\/product\/yoast-seo-wordpress\/ -->\n<title>Cave papillon - Lafnetscha 2023 - 50cl % %<\/title>\n<meta name=\"description\" content=\"Vin de la Cave Papillon \u00e0 Salquenen. Vous pouvez obtenir des vins blancs, des vins rouges, aussi bien en 50cl qu&#039;en 75cl.\" \/>\n<meta name=\"robots\" content=\"index, follow, max-snippet:-1, max-image-preview:large, max-video-preview:-1\" \/>\n<link rel=\"canonical\" href=\"https:\/\/www.cave-papillon.ch\/fr\/produit\/lafnetscha\/\" \/>\n<meta property=\"og:locale\" content=\"fr_FR\" \/>\n<meta property=\"og:type\" content=\"article\" \/>\n<meta property=\"og:title\" content=\"Cave papillon - Lafnetscha 2023 - 50cl % %\" \/>\n<meta property=\"og:description\" content=\"Vin de la Cave Papillon \u00e0 Salquenen. Vous pouvez obtenir des vins blancs, des vins rouges, aussi bien en 50cl qu&#039;en 75cl.\" \/>\n<meta property=\"og:url\" content=\"https:\/\/www.cave-papillon.ch\/fr\/produit\/lafnetscha\/\" \/>\n<meta property=\"og:site_name\" content=\"Cave papillon\" \/>\n<meta property=\"article:modified_time\" content=\"2026-02-10T12:21:12+00:00\" \/>\n<meta property=\"og:image\" content=\"https:\/\/www.cave-papillon.ch\/wp-content\/uploads\/2022\/10\/Lafueb.jpg\" \/>\n\t<meta property=\"og:image:width\" content=\"276\" \/>\n\t<meta property=\"og:image:height\" content=\"425\" \/>\n\t<meta property=\"og:image:type\" content=\"image\/jpeg\" \/>\n<meta name=\"twitter:card\" content=\"summary_large_image\" \/>\n<meta name=\"twitter:label1\" content=\"Dur\u00e9e de lecture estim\u00e9e\" \/>\n\t<meta name=\"twitter:data1\" content=\"1 minute\" \/>\n<script type=\"application\/ld+json\" class=\"yoast-schema-graph\">{\"@context\":\"https:\\\/\\\/schema.org\",\"@graph\":[{\"@type\":\"WebPage\",\"@id\":\"https:\\\/\\\/www.cave-papillon.ch\\\/produit\\\/lafnetscha\\\/\",\"url\":\"https:\\\/\\\/www.cave-papillon.ch\\\/produit\\\/lafnetscha\\\/\",\"name\":\"Cave papillon - Lafnetscha 2023 - 50cl % %\",\"isPartOf\":{\"@id\":\"https:\\\/\\\/www.cave-papillon.ch\\\/#website\"},\"primaryImageOfPage\":{\"@id\":\"https:\\\/\\\/www.cave-papillon.ch\\\/produit\\\/lafnetscha\\\/#primaryimage\"},\"image\":{\"@id\":\"https:\\\/\\\/www.cave-papillon.ch\\\/produit\\\/lafnetscha\\\/#primaryimage\"},\"thumbnailUrl\":\"https:\\\/\\\/www.cave-papillon.ch\\\/wp-content\\\/uploads\\\/2022\\\/10\\\/Lafueb.jpg\",\"datePublished\":\"2022-10-31T19:14:20+00:00\",\"dateModified\":\"2026-02-10T12:21:12+00:00\",\"description\":\"Vin de la Cave Papillon \u00e0 Salquenen. Vous pouvez obtenir des vins blancs, des vins rouges, aussi bien en 50cl qu'en 75cl.\",\"breadcrumb\":{\"@id\":\"https:\\\/\\\/www.cave-papillon.ch\\\/produit\\\/lafnetscha\\\/#breadcrumb\"},\"inLanguage\":\"fr-FR\",\"potentialAction\":[{\"@type\":\"ReadAction\",\"target\":[\"https:\\\/\\\/www.cave-papillon.ch\\\/produit\\\/lafnetscha\\\/\"]}]},{\"@type\":\"ImageObject\",\"inLanguage\":\"fr-FR\",\"@id\":\"https:\\\/\\\/www.cave-papillon.ch\\\/produit\\\/lafnetscha\\\/#primaryimage\",\"url\":\"https:\\\/\\\/www.cave-papillon.ch\\\/wp-content\\\/uploads\\\/2022\\\/10\\\/Lafueb.jpg\",\"contentUrl\":\"https:\\\/\\\/www.cave-papillon.ch\\\/wp-content\\\/uploads\\\/2022\\\/10\\\/Lafueb.jpg\",\"width\":276,\"height\":425},{\"@type\":\"BreadcrumbList\",\"@id\":\"https:\\\/\\\/www.cave-papillon.ch\\\/produit\\\/lafnetscha\\\/#breadcrumb\",\"itemListElement\":[{\"@type\":\"ListItem\",\"position\":1,\"name\":\"Accueil\",\"item\":\"https:\\\/\\\/www.cave-papillon.ch\\\/fr\\\/\"},{\"@type\":\"ListItem\",\"position\":2,\"name\":\"Der Shop\",\"item\":\"https:\\\/\\\/www.cave-papillon.ch\\\/der-shop\\\/\"},{\"@type\":\"ListItem\",\"position\":3,\"name\":\"Lafnetscha 2023 &#8211; 50cl\"}]},{\"@type\":\"WebSite\",\"@id\":\"https:\\\/\\\/www.cave-papillon.ch\\\/#website\",\"url\":\"https:\\\/\\\/www.cave-papillon.ch\\\/\",\"name\":\"Cave papillon\",\"description\":\"Cave de la famille Wenger \u00e0 Salquenen\",\"potentialAction\":[{\"@type\":\"SearchAction\",\"target\":{\"@type\":\"EntryPoint\",\"urlTemplate\":\"https:\\\/\\\/www.cave-papillon.ch\\\/?s={search_term_string}\"},\"query-input\":{\"@type\":\"PropertyValueSpecification\",\"valueRequired\":true,\"valueName\":\"search_term_string\"}}],\"inLanguage\":\"fr-FR\"}]}<\/script>\n<!-- \/ Yoast SEO plugin. -->","yoast_head_json":{"title":"Cave papillon - Lafnetscha 2023 - 50cl % %","description":"Vin de la Cave Papillon \u00e0 Salquenen. Vous pouvez obtenir des vins blancs, des vins rouges, aussi bien en 50cl qu'en 75cl.","robots":{"index":"index","follow":"follow","max-snippet":"max-snippet:-1","max-image-preview":"max-image-preview:large","max-video-preview":"max-video-preview:-1"},"canonical":"https:\/\/www.cave-papillon.ch\/fr\/produit\/lafnetscha\/","og_locale":"fr_FR","og_type":"article","og_title":"Cave papillon - Lafnetscha 2023 - 50cl % %","og_description":"Vin de la Cave Papillon \u00e0 Salquenen. Vous pouvez obtenir des vins blancs, des vins rouges, aussi bien en 50cl qu'en 75cl.","og_url":"https:\/\/www.cave-papillon.ch\/fr\/produit\/lafnetscha\/","og_site_name":"Cave papillon","article_modified_time":"2026-02-10T12:21:12+00:00","og_image":[{"width":276,"height":425,"url":"https:\/\/www.cave-papillon.ch\/wp-content\/uploads\/2022\/10\/Lafueb.jpg","type":"image\/jpeg"}],"twitter_card":"summary_large_image","twitter_misc":{"Dur\u00e9e de lecture estim\u00e9e":"1 minute"},"schema":{"@context":"https:\/\/schema.org","@graph":[{"@type":"WebPage","@id":"https:\/\/www.cave-papillon.ch\/produit\/lafnetscha\/","url":"https:\/\/www.cave-papillon.ch\/produit\/lafnetscha\/","name":"Cave papillon - Lafnetscha 2023 - 50cl % %","isPartOf":{"@id":"https:\/\/www.cave-papillon.ch\/#website"},"primaryImageOfPage":{"@id":"https:\/\/www.cave-papillon.ch\/produit\/lafnetscha\/#primaryimage"},"image":{"@id":"https:\/\/www.cave-papillon.ch\/produit\/lafnetscha\/#primaryimage"},"thumbnailUrl":"https:\/\/www.cave-papillon.ch\/wp-content\/uploads\/2022\/10\/Lafueb.jpg","datePublished":"2022-10-31T19:14:20+00:00","dateModified":"2026-02-10T12:21:12+00:00","description":"Vin de la Cave Papillon \u00e0 Salquenen. Vous pouvez obtenir des vins blancs, des vins rouges, aussi bien en 50cl qu'en 75cl.","breadcrumb":{"@id":"https:\/\/www.cave-papillon.ch\/produit\/lafnetscha\/#breadcrumb"},"inLanguage":"fr-FR","potentialAction":[{"@type":"ReadAction","target":["https:\/\/www.cave-papillon.ch\/produit\/lafnetscha\/"]}]},{"@type":"ImageObject","inLanguage":"fr-FR","@id":"https:\/\/www.cave-papillon.ch\/produit\/lafnetscha\/#primaryimage","url":"https:\/\/www.cave-papillon.ch\/wp-content\/uploads\/2022\/10\/Lafueb.jpg","contentUrl":"https:\/\/www.cave-papillon.ch\/wp-content\/uploads\/2022\/10\/Lafueb.jpg","width":276,"height":425},{"@type":"BreadcrumbList","@id":"https:\/\/www.cave-papillon.ch\/produit\/lafnetscha\/#breadcrumb","itemListElement":[{"@type":"ListItem","position":1,"name":"Accueil","item":"https:\/\/www.cave-papillon.ch\/fr\/"},{"@type":"ListItem","position":2,"name":"Der Shop","item":"https:\/\/www.cave-papillon.ch\/der-shop\/"},{"@type":"ListItem","position":3,"name":"Lafnetscha 2023 &#8211; 50cl"}]},{"@type":"WebSite","@id":"https:\/\/www.cave-papillon.ch\/#website","url":"https:\/\/www.cave-papillon.ch\/","name":"Cave papillon","description":"Cave de la famille Wenger \u00e0 Salquenen","potentialAction":[{"@type":"SearchAction","target":{"@type":"EntryPoint","urlTemplate":"https:\/\/www.cave-papillon.ch\/?s={search_term_string}"},"query-input":{"@type":"PropertyValueSpecification","valueRequired":true,"valueName":"search_term_string"}}],"inLanguage":"fr-FR"}]}},"_links":{"self":[{"href":"https:\/\/www.cave-papillon.ch\/fr\/wp-json\/wp\/v2\/product\/259","targetHints":{"allow":["GET"]}}],"collection":[{"href":"https:\/\/www.cave-papillon.ch\/fr\/wp-json\/wp\/v2\/product"}],"about":[{"href":"https:\/\/www.cave-papillon.ch\/fr\/wp-json\/wp\/v2\/types\/product"}],"wp:featuredmedia":[{"embeddable":true,"href":"https:\/\/www.cave-papillon.ch\/fr\/wp-json\/wp\/v2\/media\/55"}],"wp:attachment":[{"href":"https:\/\/www.cave-papillon.ch\/fr\/wp-json\/wp\/v2\/media?parent=259"}],"wp:term":[{"taxonomy":"product_brand","embeddable":true,"href":"https:\/\/www.cave-papillon.ch\/fr\/wp-json\/wp\/v2\/product_brand?post=259"},{"taxonomy":"product_cat","embeddable":true,"href":"https:\/\/www.cave-papillon.ch\/fr\/wp-json\/wp\/v2\/product_cat?post=259"},{"taxonomy":"product_tag","embeddable":true,"href":"https:\/\/www.cave-papillon.ch\/fr\/wp-json\/wp\/v2\/product_tag?post=259"}],"curies":[{"name":"wp","href":"https:\/\/api.w.org\/{rel}","templated":true}]}}