{"id":262,"date":"2022-10-31T20:20:20","date_gmt":"2022-10-31T19:20:20","guid":{"rendered":"https:\/\/papillon.provisoire.ch\/?post_type=product&#038;p=262"},"modified":"2026-02-10T13:18:25","modified_gmt":"2026-02-10T12:18:25","slug":"malvoisie-fletrie-edelsuss","status":"publish","type":"product","link":"https:\/\/www.cave-papillon.ch\/fr\/produit\/malvoisie-fletrie-edelsuss\/","title":{"rendered":"Malvoisie fl\u00e9trie edels\u00fcss 2023 &#8211; 50cl"},"content":{"rendered":"<p>Der Pinot gris, im Wallis Malvoisie genannt liebt die W\u00e4rme. Wir ernten diese Sorte als letzten Wein im Sp\u00e4therbst damit die Trauben ein Maximum an Sonne aufnehmen k\u00f6nnen.<br \/>\nDie Malvoisie schm\u00fcckt sich mit einem sch\u00f6nen Goldton, die delikaten Aromen verstr\u00f6men ein unvergleichliches Parf\u00fcm. Als edels\u00fcsser Wein vinifiziert ist er ein reicher, berauschender Dessertwein, ein eleganter und charmanter Herzensw\u00e4rmer. Lassen Sie sich verf\u00fchren&#8230;<\/p>\n<p>Empfohlene Trinktemperatur 7 &#8211; 9\u00b0C<\/p>\n<p>11.5% vol.<\/p>\n<p>Contient des sulfites<\/p>","protected":false},"excerpt":{"rendered":"<p>This is a simple product.<\/p>","protected":false},"featured_media":58,"template":"","meta":{"_et_pb_use_builder":"","_et_pb_old_content":"","_et_gb_content_width":""},"product_brand":[],"product_cat":[26],"product_tag":[],"class_list":{"0":"post-262","1":"product","2":"type-product","3":"status-publish","4":"has-post-thumbnail","6":"product_cat-in-der-50-cl-bordelaise-aoc-valais","8":"first","9":"instock","10":"shipping-taxable","11":"purchasable","12":"product-type-simple"},"yoast_head":"<!-- This site is optimized with the Yoast SEO plugin v27.6 - https:\/\/yoast.com\/product\/yoast-seo-wordpress\/ -->\n<title>Cave papillon - Malvoisie fl\u00e9trie edels\u00fcss 2023 - 50cl<\/title>\n<meta name=\"description\" content=\"Vin de la Cave Papillon \u00e0 Salquenen. Vous pouvez obtenir des vins blancs, des vins rouges, aussi bien en 50cl qu&#039;en 75cl.\" \/>\n<meta name=\"robots\" content=\"index, follow, max-snippet:-1, max-image-preview:large, max-video-preview:-1\" \/>\n<link rel=\"canonical\" href=\"https:\/\/www.cave-papillon.ch\/fr\/produit\/malvoisie-fletrie-edelsuss\/\" \/>\n<meta property=\"og:locale\" content=\"fr_FR\" \/>\n<meta property=\"og:type\" content=\"article\" \/>\n<meta property=\"og:title\" content=\"Cave papillon - Malvoisie fl\u00e9trie edels\u00fcss 2023 - 50cl\" \/>\n<meta property=\"og:description\" content=\"Vin de la Cave Papillon \u00e0 Salquenen. Vous pouvez obtenir des vins blancs, des vins rouges, aussi bien en 50cl qu&#039;en 75cl.\" \/>\n<meta property=\"og:url\" content=\"https:\/\/www.cave-papillon.ch\/fr\/produit\/malvoisie-fletrie-edelsuss\/\" \/>\n<meta property=\"og:site_name\" content=\"Cave papillon\" \/>\n<meta property=\"article:modified_time\" content=\"2026-02-10T12:18:25+00:00\" \/>\n<meta property=\"og:image\" content=\"https:\/\/www.cave-papillon.ch\/wp-content\/uploads\/2022\/10\/malvois.jpg\" \/>\n\t<meta property=\"og:image:width\" content=\"275\" \/>\n\t<meta property=\"og:image:height\" content=\"425\" \/>\n\t<meta property=\"og:image:type\" content=\"image\/jpeg\" \/>\n<meta name=\"twitter:card\" content=\"summary_large_image\" \/>\n<meta name=\"twitter:label1\" content=\"Dur\u00e9e de lecture estim\u00e9e\" \/>\n\t<meta name=\"twitter:data1\" content=\"1 minute\" \/>\n<script type=\"application\/ld+json\" class=\"yoast-schema-graph\">{\"@context\":\"https:\\\/\\\/schema.org\",\"@graph\":[{\"@type\":\"WebPage\",\"@id\":\"https:\\\/\\\/www.cave-papillon.ch\\\/produit\\\/malvoisie-fletrie-edelsuss\\\/\",\"url\":\"https:\\\/\\\/www.cave-papillon.ch\\\/produit\\\/malvoisie-fletrie-edelsuss\\\/\",\"name\":\"Cave papillon - Malvoisie fl\u00e9trie edels\u00fcss 2023 - 50cl\",\"isPartOf\":{\"@id\":\"https:\\\/\\\/www.cave-papillon.ch\\\/#website\"},\"primaryImageOfPage\":{\"@id\":\"https:\\\/\\\/www.cave-papillon.ch\\\/produit\\\/malvoisie-fletrie-edelsuss\\\/#primaryimage\"},\"image\":{\"@id\":\"https:\\\/\\\/www.cave-papillon.ch\\\/produit\\\/malvoisie-fletrie-edelsuss\\\/#primaryimage\"},\"thumbnailUrl\":\"https:\\\/\\\/www.cave-papillon.ch\\\/wp-content\\\/uploads\\\/2022\\\/10\\\/malvois.jpg\",\"datePublished\":\"2022-10-31T19:20:20+00:00\",\"dateModified\":\"2026-02-10T12:18:25+00:00\",\"description\":\"Vin de la Cave Papillon \u00e0 Salquenen. Vous pouvez obtenir des vins blancs, des vins rouges, aussi bien en 50cl qu'en 75cl.\",\"breadcrumb\":{\"@id\":\"https:\\\/\\\/www.cave-papillon.ch\\\/produit\\\/malvoisie-fletrie-edelsuss\\\/#breadcrumb\"},\"inLanguage\":\"fr-FR\",\"potentialAction\":[{\"@type\":\"ReadAction\",\"target\":[\"https:\\\/\\\/www.cave-papillon.ch\\\/produit\\\/malvoisie-fletrie-edelsuss\\\/\"]}]},{\"@type\":\"ImageObject\",\"inLanguage\":\"fr-FR\",\"@id\":\"https:\\\/\\\/www.cave-papillon.ch\\\/produit\\\/malvoisie-fletrie-edelsuss\\\/#primaryimage\",\"url\":\"https:\\\/\\\/www.cave-papillon.ch\\\/wp-content\\\/uploads\\\/2022\\\/10\\\/malvois.jpg\",\"contentUrl\":\"https:\\\/\\\/www.cave-papillon.ch\\\/wp-content\\\/uploads\\\/2022\\\/10\\\/malvois.jpg\",\"width\":275,\"height\":425},{\"@type\":\"BreadcrumbList\",\"@id\":\"https:\\\/\\\/www.cave-papillon.ch\\\/produit\\\/malvoisie-fletrie-edelsuss\\\/#breadcrumb\",\"itemListElement\":[{\"@type\":\"ListItem\",\"position\":1,\"name\":\"Accueil\",\"item\":\"https:\\\/\\\/www.cave-papillon.ch\\\/fr\\\/\"},{\"@type\":\"ListItem\",\"position\":2,\"name\":\"Der Shop\",\"item\":\"https:\\\/\\\/www.cave-papillon.ch\\\/der-shop\\\/\"},{\"@type\":\"ListItem\",\"position\":3,\"name\":\"Malvoisie fl\u00e9trie edels\u00fcss 2023 &#8211; 50cl\"}]},{\"@type\":\"WebSite\",\"@id\":\"https:\\\/\\\/www.cave-papillon.ch\\\/#website\",\"url\":\"https:\\\/\\\/www.cave-papillon.ch\\\/\",\"name\":\"Cave papillon\",\"description\":\"Cave de la famille Wenger \u00e0 Salquenen\",\"potentialAction\":[{\"@type\":\"SearchAction\",\"target\":{\"@type\":\"EntryPoint\",\"urlTemplate\":\"https:\\\/\\\/www.cave-papillon.ch\\\/?s={search_term_string}\"},\"query-input\":{\"@type\":\"PropertyValueSpecification\",\"valueRequired\":true,\"valueName\":\"search_term_string\"}}],\"inLanguage\":\"fr-FR\"}]}<\/script>\n<!-- \/ Yoast SEO plugin. -->","yoast_head_json":{"title":"Cave papillon - Malvoisie fl\u00e9trie edels\u00fcss 2023 - 50cl","description":"Vin de la Cave Papillon \u00e0 Salquenen. Vous pouvez obtenir des vins blancs, des vins rouges, aussi bien en 50cl qu'en 75cl.","robots":{"index":"index","follow":"follow","max-snippet":"max-snippet:-1","max-image-preview":"max-image-preview:large","max-video-preview":"max-video-preview:-1"},"canonical":"https:\/\/www.cave-papillon.ch\/fr\/produit\/malvoisie-fletrie-edelsuss\/","og_locale":"fr_FR","og_type":"article","og_title":"Cave papillon - Malvoisie fl\u00e9trie edels\u00fcss 2023 - 50cl","og_description":"Vin de la Cave Papillon \u00e0 Salquenen. Vous pouvez obtenir des vins blancs, des vins rouges, aussi bien en 50cl qu'en 75cl.","og_url":"https:\/\/www.cave-papillon.ch\/fr\/produit\/malvoisie-fletrie-edelsuss\/","og_site_name":"Cave papillon","article_modified_time":"2026-02-10T12:18:25+00:00","og_image":[{"width":275,"height":425,"url":"https:\/\/www.cave-papillon.ch\/wp-content\/uploads\/2022\/10\/malvois.jpg","type":"image\/jpeg"}],"twitter_card":"summary_large_image","twitter_misc":{"Dur\u00e9e de lecture estim\u00e9e":"1 minute"},"schema":{"@context":"https:\/\/schema.org","@graph":[{"@type":"WebPage","@id":"https:\/\/www.cave-papillon.ch\/produit\/malvoisie-fletrie-edelsuss\/","url":"https:\/\/www.cave-papillon.ch\/produit\/malvoisie-fletrie-edelsuss\/","name":"Cave papillon - Malvoisie fl\u00e9trie edels\u00fcss 2023 - 50cl","isPartOf":{"@id":"https:\/\/www.cave-papillon.ch\/#website"},"primaryImageOfPage":{"@id":"https:\/\/www.cave-papillon.ch\/produit\/malvoisie-fletrie-edelsuss\/#primaryimage"},"image":{"@id":"https:\/\/www.cave-papillon.ch\/produit\/malvoisie-fletrie-edelsuss\/#primaryimage"},"thumbnailUrl":"https:\/\/www.cave-papillon.ch\/wp-content\/uploads\/2022\/10\/malvois.jpg","datePublished":"2022-10-31T19:20:20+00:00","dateModified":"2026-02-10T12:18:25+00:00","description":"Vin de la Cave Papillon \u00e0 Salquenen. Vous pouvez obtenir des vins blancs, des vins rouges, aussi bien en 50cl qu'en 75cl.","breadcrumb":{"@id":"https:\/\/www.cave-papillon.ch\/produit\/malvoisie-fletrie-edelsuss\/#breadcrumb"},"inLanguage":"fr-FR","potentialAction":[{"@type":"ReadAction","target":["https:\/\/www.cave-papillon.ch\/produit\/malvoisie-fletrie-edelsuss\/"]}]},{"@type":"ImageObject","inLanguage":"fr-FR","@id":"https:\/\/www.cave-papillon.ch\/produit\/malvoisie-fletrie-edelsuss\/#primaryimage","url":"https:\/\/www.cave-papillon.ch\/wp-content\/uploads\/2022\/10\/malvois.jpg","contentUrl":"https:\/\/www.cave-papillon.ch\/wp-content\/uploads\/2022\/10\/malvois.jpg","width":275,"height":425},{"@type":"BreadcrumbList","@id":"https:\/\/www.cave-papillon.ch\/produit\/malvoisie-fletrie-edelsuss\/#breadcrumb","itemListElement":[{"@type":"ListItem","position":1,"name":"Accueil","item":"https:\/\/www.cave-papillon.ch\/fr\/"},{"@type":"ListItem","position":2,"name":"Der Shop","item":"https:\/\/www.cave-papillon.ch\/der-shop\/"},{"@type":"ListItem","position":3,"name":"Malvoisie fl\u00e9trie edels\u00fcss 2023 &#8211; 50cl"}]},{"@type":"WebSite","@id":"https:\/\/www.cave-papillon.ch\/#website","url":"https:\/\/www.cave-papillon.ch\/","name":"Cave papillon","description":"Cave de la famille Wenger \u00e0 Salquenen","potentialAction":[{"@type":"SearchAction","target":{"@type":"EntryPoint","urlTemplate":"https:\/\/www.cave-papillon.ch\/?s={search_term_string}"},"query-input":{"@type":"PropertyValueSpecification","valueRequired":true,"valueName":"search_term_string"}}],"inLanguage":"fr-FR"}]}},"_links":{"self":[{"href":"https:\/\/www.cave-papillon.ch\/fr\/wp-json\/wp\/v2\/product\/262","targetHints":{"allow":["GET"]}}],"collection":[{"href":"https:\/\/www.cave-papillon.ch\/fr\/wp-json\/wp\/v2\/product"}],"about":[{"href":"https:\/\/www.cave-papillon.ch\/fr\/wp-json\/wp\/v2\/types\/product"}],"wp:featuredmedia":[{"embeddable":true,"href":"https:\/\/www.cave-papillon.ch\/fr\/wp-json\/wp\/v2\/media\/58"}],"wp:attachment":[{"href":"https:\/\/www.cave-papillon.ch\/fr\/wp-json\/wp\/v2\/media?parent=262"}],"wp:term":[{"taxonomy":"product_brand","embeddable":true,"href":"https:\/\/www.cave-papillon.ch\/fr\/wp-json\/wp\/v2\/product_brand?post=262"},{"taxonomy":"product_cat","embeddable":true,"href":"https:\/\/www.cave-papillon.ch\/fr\/wp-json\/wp\/v2\/product_cat?post=262"},{"taxonomy":"product_tag","embeddable":true,"href":"https:\/\/www.cave-papillon.ch\/fr\/wp-json\/wp\/v2\/product_tag?post=262"}],"curies":[{"name":"wp","href":"https:\/\/api.w.org\/{rel}","templated":true}]}}